{"id":726,"date":"2018-11-09T11:38:39","date_gmt":"2018-11-09T08:38:39","guid":{"rendered":"https:\/\/www.labistanbul.com.tr\/?page_id=726"},"modified":"2022-08-09T11:58:28","modified_gmt":"2022-08-09T08:58:28","slug":"%d8%a7%d9%84%d9%85%d8%a4%d8%b3%d8%b3%d8%a7%d8%aa-%d8%a7%d9%84%d9%85%d8%aa%d8%b9%d8%a7%d9%82%d8%af-%d8%b9%d9%84%d9%8a%d9%87%d8%a7","status":"publish","type":"page","link":"https:\/\/www.labistanbul.com.tr\/ar\/%d8%a7%d9%84%d9%85%d8%a4%d8%b3%d8%b3%d8%a7%d8%aa-%d8%a7%d9%84%d9%85%d8%aa%d8%b9%d8%a7%d9%82%d8%af-%d8%b9%d9%84%d9%8a%d9%87%d8%a7.html","title":{"rendered":"\u0627\u0644\u0645\u0624\u0633\u0633\u0627\u062a \u0627\u0644\u0645\u062a\u0639\u0627\u0642\u062f \u0639\u0644\u064a\u0647\u0627"},"content":{"rendered":"<div id=\"accordion\" class=\"panel-group\">\n<div class=\"panel panel-default\">\n<div class=\"panel-heading\">\n<h4 class=\"panel-title\"><a class=\"collapsed\" href=\"#general1\" data-toggle=\"collapse\" data-parent=\"#accordion\" aria-expanded=\"false\">\u0627\u0644\u062a\u0623\u0645\u064a\u0646\u0627\u062a \u0627\u0644\u0635\u062d\u064a\u0629 \u0627\u0644\u062e\u0627\u0635\u0629<\/a><\/h4>\n<\/div>\n<\/div>\n<div class=\"panel panel-default\">\n<div class=\"panel-heading\">\n<ul>\n<li>Allianz Sigorta A.\u015e<\/li>\n<li>AIG Sigorta<\/li>\n<li>Ankara Sigorta<\/li>\n<li>Aksigorta A.\u015e<\/li>\n<li>Anadolu Sigorta A.\u015e<\/li>\n<li>Anadolu Hayat Emeklilik<\/li>\n<li>Axa Sigorta A.\u015e<\/li>\n<li>Axa Emklilik<\/li>\n<li>Asya Emeklilik<\/li>\n<li>AvivaSA<\/li>\n<li>AvivaSA Hayat Emeklilik<\/li>\n<li>Can Sigorta<\/li>\n<li>Do\u011fa Sigorta<\/li>\n<li>Ergo Sigorta<\/li>\n<li>Genel Sigorta A.\u015e<\/li>\n<li>American Life Sigorta A.\u015e<\/li>\n<li>Garanti Emeklilik<\/li>\n<li>Groupama Sigorta<\/li>\n<li>G\u00fcne\u015f Sigorta A.\u015e<\/li>\n<li>G\u00fcven Sigorta A.\u015e<\/li>\n<li>I\u015f\u0131k Sigorta<\/li>\n<li>Liberty Sigorta<\/li>\n<li>Mapfre-Genel Ya\u015fam Sigorta A.\u015e<\/li>\n<li>Met Life<\/li>\n<li>Med Net A.\u015e<\/li>\n<li>NN Hayat ve Emeklilik<\/li>\n<li>SBN Sigorta<\/li>\n<li>Sompo Japan Sigorta<\/li>\n<li>\u015eeker Sigorta<\/li>\n<li>T\u00fcrk Nippon Sigorta<\/li>\n<li>T\u00fcrk P&amp;I Sigorta<\/li>\n<li>Vak\u0131f Emeklilik<\/li>\n<li>UNI CO Sigorta<\/li>\n<li>Zirve Sigorta<\/li>\n<li>Ziraat Sigorta<\/li>\n<li>Zurich Sigorta<\/li>\n<li>\u0130nter Partner Asistans A.\u015e:<\/li>\n<li>T\u00fcrk Telekom Vakf\u0131<\/li>\n<li>Ray Sigorta A.\u015e<\/li>\n<li>Ankara Anonim T\u00fcrk Sigorta \u015eirketi<\/li>\n<li>Z\u00fcrich Sigorta A.\u015e Acil Tedavi Sigortas\u0131<\/li>\n<li>I\u015f\u0131k Sigorta Acil Tedavi Sigortas\u0131<\/li>\n<li>Mapfre Genel Ya\u015fam Sigorta<\/li>\n<li>Medline Acil Tedavi Sigortas\u0131<\/li>\n<li>Med\u0131cal Express Acil Tedavi Sigortas\u0131<\/li>\n<li>Medline Sa\u011fl\u0131k Paketi Ve Acil Tedavi Sigortas\u0131<\/li>\n<li>Derin Dan. ve Gcs M\u00fcmessillik Acil Tedavi Sigortas\u0131 ( Card &amp; Plus )<\/li>\n<li>Birlik Sigorta &amp; Halk Bankas\u0131 Acil Tedavi Sigortas\u0131<\/li>\n<li>Birlik Sigorta Polislere \u00d6zel Acil Tedavi Sigortas\u0131<\/li>\n<li>New Life Hayat Sigortas\u0131 A.\u015e Acil Tedavi Sigortas\u0131<\/li>\n<li>Cenoa Sigorta A.\u015e Acil Tedavi Sigortas\u0131<\/li>\n<li>Avis &amp; Ray Sigorta A.\u015e Acil Tedavi Sigortas\u0131<\/li>\n<li>H\u00fcr Sigorta Acil Tedavi Sigortas\u0131<\/li>\n<li>Sbn Sigorta A.\u015e Acil Tedavi Sigortas\u0131<\/li>\n<li>Dr. Back-Up Temel Sa\u011fl\u0131k Paketi Acil Tedavi Sigortas\u0131<\/li>\n<li>Metro Turizm Seyahat Organizasyon A.\u015e.<\/li>\n<li>MTA Grup<\/li>\n<li>Hesapl\u0131 Card<\/li>\n<li>T\u00fcrkiye Assist Card<\/li>\n<li>Saf\u0131ran Travel V\u0131p Assistance Card<\/li>\n<li>Fawori Boya<\/li>\n<li>CardLife<\/li>\n<li>ACE Sigorta<\/li>\n<li>GULF Sigorta<\/li>\n<li>Assist Line<\/li>\n<li>T\u00fcrkland Sigorta<\/li>\n<li>Partner Card<\/li>\n<li>Dr.Back-Up<\/li>\n<li>Back-Up<\/li>\n<li>Dr.Back-Up &amp; Fortis Bank Card<\/li>\n<li>Ipa Card Ipa Privilege Card<\/li>\n<li>Benefit Global<\/li>\n<li>AIG Card<\/li>\n<li>Bank Asya Platinum Card<\/li>\n<li>Axa Ppp<\/li>\n<li>\u00c7ek Cumhuriyeti Sigortal\u0131lar\u0131<\/li>\n<li>Promed (CGM Group ):<\/li>\n<li>COMPUGROUP MEDICAL B\u0130LG\u0130 S\u0130STEMLER\u0130 A.\u015e<\/li>\n<li>Dubai Sigorta<\/li>\n<li>Generali Sigorta<\/li>\n<li>Halk Sigorta<\/li>\n<li>Euroko Sigorta A.\u015e<\/li>\n<li>Garanti Euroko A.\u015e<\/li>\n<li>Ankara Sigorta<\/li>\n<li>Life Guide Card (TTI Grup)<\/li>\n<li>Medline BOX<\/li>\n<li>Aviva SA<\/li>\n<li>HDI Sigorta<\/li>\n<li>Sa\u011fl\u0131k Asist<\/li>\n<li>Birlik Hayat Sigorta<\/li>\n<li>Beykart<\/li>\n<li>Nestle Club<\/li>\n<li>Kobi Sa\u011fl\u0131k<\/li>\n<li>Expo Turkish<\/li>\n<li>Ba\u015fak Grupoma Emeklilik<\/li>\n<li>Fiba Sigorta<\/li>\n<li>DAH Asist<\/li>\n<li>Sompo Japan Sigorta<\/li>\n<li>Ticket Restaurant (IPA)-Asistans Hizmetleri<\/li>\n<li>Z\u00fcrih Sigorta Acil Tedavi Sigortas\u0131<\/li>\n<li>TOBB<\/li>\n<li>Aegon Emeklilik ve Hayat<\/li>\n<li>ACE European Group<\/li>\n<li>Ankara Sigorta<\/li>\n<li>AvivaSA Emeklilik ve Hayat<\/li>\n<li>BNP Paribas Cardif Emeklilik ve Hayat<\/li>\n<li>Dubai Group Sigorta<\/li>\n<li>Eureko Sigorta<\/li>\n<li>Finans Emeklilik ve Hayat<\/li>\n<li>Fortis Bank A.\u015e. Mensuplar\u0131 Emekli Sand\u0131\u011f\u0131 Vakf\u0131<\/li>\n<li>Garanti Bankas\u0131 A.\u015e. Emekli ve Yard\u0131m Sand\u0131\u011f\u0131 Vakf\u0131<\/li>\n<li>Groupama Sigorta<\/li>\n<li>Groupama Emeklilik<\/li>\n<li>Halk Sigorta Halk Hayat ve Emeklilik<\/li>\n<li>HDI Sigorta<\/li>\n<li>HS Group<\/li>\n<li>\u0130\u015f Bankas\u0131 Sand\u0131k<\/li>\n<li>Mapfre Genel Sigorta<\/li>\n<li>Medline<\/li>\n<li>MetLife Emeklilik ve Hayat<\/li>\n<li>Sompo Japan Sigorta<\/li>\n<li>T\u00fcrk Telekom Sa\u011fl\u0131k ve Yard\u0131m Vakf\u0131<\/li>\n<li>T\u00fcrkiye Halk Bankas\u0131 A.\u015e. Emekli Sand\u0131\u011f\u0131 Vakf\u0131<\/li>\n<li>TOBB Personeli Sigorta ve Emekli Sand\u0131\u011f\u0131 Vakf\u0131<\/li>\n<li>Yap\u0131 Kredi Sigorta<\/li>\n<li>Ziraat Sigorta<\/li>\n<li>Ziraat Hayat ve Emeklilik<\/li>\n<li>Neova Sigorta A.\u015e<\/li>\n<li>Kat\u0131l\u0131m Emeklilik ve Hayat A.\u015e.<\/li>\n<\/ul>\n<h4 class=\"panel-title\"><a class=\"collapsed\" href=\"#general2\" data-toggle=\"collapse\" data-parent=\"#accordion\" aria-expanded=\"false\">\u0627\u0644\u0628\u0646\u0648\u0643<\/a><\/h4>\n<ul>\n<li>A Bank A.\u015e<\/li>\n<li>Akbank A.\u015e<\/li>\n<li>Bank Asya<\/li>\n<li>Esbank T.A.\u015e<\/li>\n<li>Fortis Bank A.\u015e<\/li>\n<li>Finansbank &#8211; QNB<\/li>\n<li>Garanti Bankas\u0131 A.\u015e<\/li>\n<li>T\u00fcrkiye Garanti Bankas\u0131 A.\u015e. Emekli ve Yard\u0131m Sand\u0131\u011f\u0131 Vakf\u0131<\/li>\n<li>T\u00fcrkiye Halk Bankas\u0131 A.\u015e Emekli Sand\u0131\u011f\u0131 Vakf\u0131<\/li>\n<li>HSBC<\/li>\n<li>Kuveyt T\u00fcrk Kat\u0131l\u0131m Bankas\u0131 A.\u015e<\/li>\n<li>ING Bank A.\u015e<\/li>\n<li>Kuveyt T\u00fcrk Bankas\u0131 A.\u015e<\/li>\n<li>\u015eekerbank A.\u015e<\/li>\n<li>T.C Merkez Bankas\u0131 A.\u015e<\/li>\n<li>TEB (T\u00fcrk Ekonomi Bankas\u0131)<\/li>\n<li>T\u00fcrkiye \u0130\u015f Bankas\u0131 A.\u015e<\/li>\n<li>T\u00fcrk D\u0131\u015f Ticaret Bankas\u0131 A.\u015e Mensuplar\u0131 Emekli Sand\u0131\u011f\u0131 Vakf\u0131<\/li>\n<li>Vak\u0131fBank A.\u015e<\/li>\n<li>Yap\u0131 ve Kredi Bankas\u0131 A.\u015e. Mensuplar\u0131 Yard\u0131m ve Emekli Sand\u0131\u011f\u0131 Vakf\u0131<\/li>\n<\/ul>\n<\/div>\n<\/div>\n<div class=\"panel panel-default\">\n<div class=\"panel-heading\">\n<h4 class=\"panel-title\"><a class=\"collapsed\" href=\"#general3\" data-toggle=\"collapse\" data-parent=\"#accordion\" aria-expanded=\"false\">\u0627\u0644\u0645\u0624\u0633\u0633\u0627\u062a \u0648\u0627\u0644\u0645\u0646\u0638\u0645\u0627\u062a<\/a><\/h4>\n<ul>\n<li>ASSAN Lojistik &amp;Filo Kiralama<\/li>\n<li>Anayasa Mahkemesi (Mensuplar\u0131, \u00c7al\u0131\u015fan ve Emeklileri ,Aileleri)<\/li>\n<li>AVON<\/li>\n<li>Citroen T\u00fcrkiye<\/li>\n<li>CPP<\/li>\n<li>Castrol T\u00fcrkiye<\/li>\n<li>COMPUGROUP MEDICAL B\u0130LG\u0130 S\u0130STEMLER\u0130 A.\u015e<\/li>\n<li>Continental T\u00fcrkiye<\/li>\n<li>Deniz Filo<\/li>\n<li>Do\u011fu\u015f Otomotiv<\/li>\n<li>Dr.Back-Up<\/li>\n<li>Euromaster<\/li>\n<li>Hedef Filo<\/li>\n<li>Geely T\u00fcrkiye<\/li>\n<li>KIA T\u00fcrkiye<\/li>\n<li>Architecht Bili\u015fim Sistemleri ve Paz Tic A.\u015e<\/li>\n<li>Chronos \u0130nsan Kaynaklar\u0131 Dan\u0131\u015fmanl\u0131k Ltd.\u015eti.<\/li>\n<li>\u0130skagayrimenkul Yat\u0131r\u0131m Ve Geli\u015ftirme A.\u015e.<\/li>\n<li>K\u00f6rfez Gayrimenkul Yat\u0131r\u0131m Ortakl\u0131\u011f\u0131 A.\u015e<\/li>\n<li>Kt Portf\u00f6y Y\u00f6netimi A.\u015e<\/li>\n<li>T.B.M.M (Milletvekilleri, Mensuplar\u0131, \u00c7al\u0131\u015fan ve Emeklileri, Aileleri)<\/li>\n<li>\u0130stanbul Ticaret Odas\u0131 (\u00dcye ve Personeli)<\/li>\n<li>\u0130T\u00dc Mezunlar\u0131 Derne\u011fi<\/li>\n<li>\u0130stanbul Gazeteciler Cemiyeti<\/li>\n<li>\u0130stanbul Sanayi Odas\u0131<\/li>\n<li>\u0130stanbul Minib\u00fcs\u00e7\u00fcler Odas\u0131 ve Derne\u011fi<\/li>\n<li>Mondelez International<\/li>\n<li>M\u0130LL\u00ce REAS\u00dcRANS T.A.\u015e.<\/li>\n<li>Esbank Eski\u015fehir Bankas\u0131 T.A.\u015e. Mensuplar\u0131 Emekli Sand\u0131\u011f\u0131 Vakf\u0131<\/li>\n<li>Porche T\u00fcrkiye<\/li>\n<li>Renault T\u00fcrkiye<\/li>\n<li>Subaru T\u00fcrkiye<\/li>\n<li>Suzuki T\u00fcrkiye<\/li>\n<li>TAV Havalimanlar\u0131<\/li>\n<li>TEB Arval<\/li>\n<\/ul>\n<\/div>\n<\/div>\n<div class=\"panel panel-default\">\n<div class=\"panel-heading\">\n<h4 class=\"panel-title\"><a class=\"collapsed\" href=\"#general4\" data-toggle=\"collapse\" data-parent=\"#accordion\" aria-expanded=\"false\">\u0628\u0645\u0648\u062c\u0628 \u0627\u0644\u0627\u062a\u0641\u0627\u0642\u064a\u0629<\/a><\/h4>\n<ul>\n<li>Europa Bank<\/li>\n<li>T\u00fcrkiye Kat\u0131l\u0131m Bankas\u0131<\/li>\n<li>T\u00fcrkiye S\u0131nai Kalk\u0131nma Bankas\u0131<\/li>\n<\/ul>\n<\/div>\n<div id=\"general4\" class=\"panel-collapse collapse\" aria-expanded=\"false\">\n<div class=\"panel-body\">\n<div class=\"col-sm-12 faq-popular-topics\">\n<p>&nbsp;<\/p>\n<\/div>\n<\/div>\n<\/div>\n<\/div>\n<\/div>\n","protected":false},"excerpt":{"rendered":"<p>\u0627\u0644\u062a\u0623\u0645\u064a\u0646\u0627\u062a \u0627\u0644\u0635\u062d\u064a\u0629 \u0627\u0644\u062e\u0627\u0635\u0629 Allianz Sigorta A.\u015e AIG Sigorta Ankara Sigorta Aksigorta A.\u015e Anadolu Sigorta A.\u015e Anadolu Hayat Emeklilik Axa Sigorta A.\u015e Axa Emklilik Asya Emeklilik AvivaSA AvivaSA Hayat Emeklilik Can Sigorta Do\u011fa Sigorta Ergo Sigorta Genel Sigorta A.\u015e American Life Sigorta A.\u015e Garanti Emeklilik Groupama Sigorta G\u00fcne\u015f Sigorta A.\u015e G\u00fcven Sigorta A.\u015e I\u015f\u0131k Sigorta Liberty [&hellip;]<\/p>\n","protected":false},"author":1,"featured_media":0,"parent":0,"menu_order":0,"comment_status":"closed","ping_status":"closed","template":"","meta":{"footnotes":""},"class_list":["post-726","page","type-page","status-publish","hentry"],"aioseo_notices":[],"_links":{"self":[{"href":"https:\/\/www.labistanbul.com.tr\/ar\/wp-json\/wp\/v2\/pages\/726","targetHints":{"allow":["GET"]}}],"collection":[{"href":"https:\/\/www.labistanbul.com.tr\/ar\/wp-json\/wp\/v2\/pages"}],"about":[{"href":"https:\/\/www.labistanbul.com.tr\/ar\/wp-json\/wp\/v2\/types\/page"}],"author":[{"embeddable":true,"href":"https:\/\/www.labistanbul.com.tr\/ar\/wp-json\/wp\/v2\/users\/1"}],"replies":[{"embeddable":true,"href":"https:\/\/www.labistanbul.com.tr\/ar\/wp-json\/wp\/v2\/comments?post=726"}],"version-history":[{"count":0,"href":"https:\/\/www.labistanbul.com.tr\/ar\/wp-json\/wp\/v2\/pages\/726\/revisions"}],"wp:attachment":[{"href":"https:\/\/www.labistanbul.com.tr\/ar\/wp-json\/wp\/v2\/media?parent=726"}],"curies":[{"name":"wp","href":"https:\/\/api.w.org\/{rel}","templated":true}]}}