{"id":591,"date":"2018-11-09T10:41:57","date_gmt":"2018-11-09T07:41:57","guid":{"rendered":"https:\/\/www.labistanbul.com.tr\/?page_id=591"},"modified":"2025-01-25T13:43:50","modified_gmt":"2025-01-25T10:43:50","slug":"contact","status":"publish","type":"page","link":"https:\/\/www.labistanbul.com.tr\/en\/contact.html","title":{"rendered":"Contact"},"content":{"rendered":"<h3>Ac\u0131badem Central Branch<\/h3>\n<hr \/>\n<p><strong>Address<\/strong>: Hasanpa\u015fa Sarayard\u0131 Cad. 100\/B<br \/>\nBitter almond<br \/>\nKadikoy \/ ISTANBUL<\/p>\n<p><strong>Our phones:<\/strong><\/p>\n<p>Whatsapp: <strong>0530 264 91 91\u00a0<\/strong><\/p>\n<p>(Only during working hours)<br \/>\n0216 567 10 10<br \/>\n0216 602 10 10<br \/>\n0216 602 12 12<\/p>\n<p><strong>info@labistanbul.net<\/strong><\/p>\n<p><strong>Kadikoy Branch Directions<\/strong><\/p>\n<p><iframe loading=\"lazy\" title=\"YouTube video player\" src=\"https:\/\/www.youtube.com\/embed\/QqnhpSxgyRU\" width=\"100%\" height=\"315\" frameborder=\"0\" allowfullscreen=\"allowfullscreen\"><\/iframe><\/p>\n<div data-folder=\"text\" data-type=\"\">\n<p><strong>Ac\u0131badem Branch Address Direction \u00a0 <\/strong><\/p>\n<table class=\"table table-bordered table-striped work\">\n<tbody>\n<tr>\n<td>Behind Hasanpa\u015fa Mosque, 50 meters from the mosque<\/td>\n<\/tr>\n<tr>\n<td>On the minibus road that goes down to Kad\u0131k\u00f6y Municipality from Ac\u0131badem D\u00f6rtyol<\/td>\n<\/tr>\n<\/tbody>\n<\/table>\n<p><strong>Acibadem Branch Working Hours<\/strong><\/p>\n<table class=\"table table-bordered table-striped work\" style=\"height: 211px;\" width=\"314\">\n<tbody>\n<tr>\n<td>Monday<\/td>\n<td>08:30 &#8211; 18:30<\/td>\n<\/tr>\n<tr>\n<td>Tuesday<\/td>\n<td>08:30 &#8211; 18:30<\/td>\n<\/tr>\n<tr>\n<td>Wednesday<\/td>\n<td>08:30 &#8211; 18:30<\/td>\n<\/tr>\n<tr>\n<td>Thursday<\/td>\n<td>08:30 &#8211; 18:30<\/td>\n<\/tr>\n<tr>\n<td>Friday<\/td>\n<td>08:30 &#8211; 18:30<\/td>\n<\/tr>\n<tr>\n<td>Saturday<\/td>\n<td>08:30 &#8211; 15:00<\/td>\n<\/tr>\n<tr>\n<td>Sunday<\/td>\n<td>We are closed<\/td>\n<\/tr>\n<\/tbody>\n<\/table>\n<hr \/>\n<h3 class=\"div-title dark-grey\">Sisli Branch<\/h3>\n<hr \/>\n<p><strong>Address: <\/strong>Halaskargazi Cd. No:226<br \/>\nSisli \/ ISTANBUL<\/p>\n<p><strong>Our phones:<\/strong><\/p>\n<p>0212 631 10 31<br \/>\n0212 532 55 50<br \/>\n0212 347 61 61<\/p>\n<p><strong>info@labistanbul.com.tr<\/strong><\/p>\n<\/div>\n<p><strong>CALL CENTER<\/strong> : <span style=\"color: #ff0000;\"><a style=\"color: #ff0000;\" href=\"tel:444 7 522\">4447522<\/a><\/span> 444 7 LAB<\/p>\n<div data-folder=\"text\" data-type=\"\">\n<p><strong>\u00a0Sisli Branch Address Direction<\/strong><\/p>\n<table class=\"table table-bordered table-striped work\" style=\"height: 58px;\" width=\"233\">\n<tbody>\n<tr>\n<td>Across the \u015ei\u015fli Mosque,<br \/>\nT-Shop Top<\/td>\n<\/tr>\n<tr>\n<td>Mcdonalds side<\/td>\n<\/tr>\n<\/tbody>\n<\/table>\n<p><strong>Sisli Branch Working Hours<\/strong><\/p>\n<table class=\"table table-bordered table-striped work\" style=\"height: 258px;\" width=\"343\">\n<tbody>\n<tr>\n<td>Monday<\/td>\n<td>08:30 &#8211; 18:30<\/td>\n<\/tr>\n<tr>\n<td>Tuesday<\/td>\n<td>08:30 &#8211; 18:30<\/td>\n<\/tr>\n<tr>\n<td>Wednesday<\/td>\n<td>08:30 &#8211; 18:30<\/td>\n<\/tr>\n<tr>\n<td>Thursday<\/td>\n<td>08:30 &#8211; 18:30<\/td>\n<\/tr>\n<tr>\n<td>Friday<\/td>\n<td>08:30 &#8211; 18:30<\/td>\n<\/tr>\n<tr>\n<td>Saturday<\/td>\n<td>08:30 &#8211; 15:00<\/td>\n<\/tr>\n<tr>\n<td>Sunday<\/td>\n<td>We are closed<\/td>\n<\/tr>\n<\/tbody>\n<\/table>\n<hr \/>\n<\/div>\n","protected":false},"excerpt":{"rendered":"<p>Ac\u0131badem Central Branch Address: Hasanpa\u015fa Sarayard\u0131 Cad. 100\/B Bitter almond Kadikoy \/ ISTANBUL Our phones: Whatsapp: 0530 264 91 91\u00a0 (Only during working hours) 0216 567 10 10 0216 602 10 10 0216 602 12 12 info@labistanbul.net Kadikoy Branch Directions Ac\u0131badem Branch Address Direction \u00a0 Behind Hasanpa\u015fa Mosque, 50 meters from the mosque On the [&hellip;]<\/p>\n","protected":false},"author":1,"featured_media":0,"parent":0,"menu_order":0,"comment_status":"closed","ping_status":"closed","template":"","meta":{"footnotes":""},"class_list":["post-591","page","type-page","status-publish","hentry"],"aioseo_notices":[],"_links":{"self":[{"href":"https:\/\/www.labistanbul.com.tr\/en\/wp-json\/wp\/v2\/pages\/591","targetHints":{"allow":["GET"]}}],"collection":[{"href":"https:\/\/www.labistanbul.com.tr\/en\/wp-json\/wp\/v2\/pages"}],"about":[{"href":"https:\/\/www.labistanbul.com.tr\/en\/wp-json\/wp\/v2\/types\/page"}],"author":[{"embeddable":true,"href":"https:\/\/www.labistanbul.com.tr\/en\/wp-json\/wp\/v2\/users\/1"}],"replies":[{"embeddable":true,"href":"https:\/\/www.labistanbul.com.tr\/en\/wp-json\/wp\/v2\/comments?post=591"}],"version-history":[{"count":2,"href":"https:\/\/www.labistanbul.com.tr\/en\/wp-json\/wp\/v2\/pages\/591\/revisions"}],"predecessor-version":[{"id":8872,"href":"https:\/\/www.labistanbul.com.tr\/en\/wp-json\/wp\/v2\/pages\/591\/revisions\/8872"}],"wp:attachment":[{"href":"https:\/\/www.labistanbul.com.tr\/en\/wp-json\/wp\/v2\/media?parent=591"}],"curies":[{"name":"wp","href":"https:\/\/api.w.org\/{rel}","templated":true}]}}